{"id":16,"date":"2025-11-09T14:07:02","date_gmt":"2025-11-09T14:07:02","guid":{"rendered":"https:\/\/murielcharlot.be\/?page_id=16"},"modified":"2026-01-09T14:59:38","modified_gmt":"2026-01-09T14:59:38","slug":"information-pratique","status":"publish","type":"page","link":"https:\/\/murielcharlot.be\/index.php\/information-pratique\/","title":{"rendered":"A Propos"},"content":{"rendered":"\n<p><strong>Mon parcours <\/strong><\/p>\n\n\n\n<p>Psychologue clinicienne sp\u00e9cialis\u00e9e  en syst\u00e9mique a l&#8217;origine, j&#8217;ai \u00e9volu\u00e9  pendant 20 ans en parral\u00e8le dans des fonctions li\u00e9es au ressources humaines.  J&#8217;ai compl\u00e9t\u00e9 mon approche en d\u00e9veloppant  le coaching individuel dans le cadre professionnel et de plus en plus dans des situation de burn- out professionnel et\/ ou parental.<\/p>\n\n\n\n<p><strong>Mon approche<\/strong><\/p>\n\n\n\n<p>Ma formation initiale et mon parcours professionnel ont toujours \u00e9t\u00e9 profond\u00e9ment ancr\u00e9s dans l\u2019humain et dans la compr\u00e9hension des dynamiques de l\u2019\u00e9cosyst\u00e8me qui entoure l\u2019individu. Ils s\u2019inscrivent \u00e9galement dans une approche pragmatique, orient\u00e9e vers la recherche de solutions concr\u00e8tes et adapt\u00e9es.<\/p>\n\n\n\n<p><strong>Ce qui me d\u00e9fini et me diff\u00e9rencie <\/strong><\/p>\n\n\n\n<p>Si l&#8217;on devait me d\u00e9crire en tant que professionnel de l&#8217;accompagnement, ces quelques mots ressortiraient certainement : \u00e0 l&#8217;\u00e9coute , consciencieuse, apaisement.<\/p>\n\n\n\n<p><strong>Lieu de consultation<\/strong><\/p>\n\n\n\n<p>Adresse et plan<\/p>\n\n\n\n<p>73 rue G. KURTH, 1140 Evere<\/p>\n\n\n\n<p><a href=\"https:\/\/maps.app.goo.gl\/9TW9DvucZ2MrsaJS8\" data-type=\"link\" data-id=\"https:\/\/maps.app.goo.gl\/9TW9DvucZ2MrsaJS8\">Plan google maps<\/a><\/p>\n\n\n\n<p>une consultation en ligne est toujours possible<\/p>\n\n\n\n<p><strong>Quels sont les tarifs d&#8217;une s\u00e9ance?<\/strong><\/p>\n\n\n\n<p>Les tarifs varient en fonction du type de s\u00e9ance, 65\u20ac en individuel psychologie ( 90\u20ac en duo) et de 75 \u20ac en accompagnement de carri\u00e8re. N\u2019h\u00e9sitez pas \u00e0 me contacter pour en savoir plus.<br>En tant que psychologue reconnue, mes consultations donnent droit \u00e0 une intervention de la part de votre mutualit\u00e9. Je vous invite \u00e0 prendre contact avec celle-ci pour conna\u00eetre les modalit\u00e9s exactes de remboursement dont vous pouvez b\u00e9n\u00e9ficier.<\/p>\n\n\n\n<p>Pour les accompagnement d&#8217;\u00e9quipe, les tarifs peuvent varier en fonction de la mission confi\u00e9e. Contactez moi pour mieux dimensionner votre besoin et d\u00e8s lors mon service.<\/p>\n\n\n\n<p><strong>Combien de temps dure une s\u00e9ance?<\/strong><\/p>\n\n\n\n<p>La s\u00e9ance individuelle dure, en g\u00e9n\u00e9ral, 50 minutes. Le rythme est g\u00e9n\u00e9ralement d\u2019une s\u00e9ance toutes les deux semaines, mais il peut \u00e9voluer en fonction de vos besoins, de votre cheminement et de ce qui se construit ensemble au fil du travail.<\/p>\n\n\n\n<p>Toutefois, un accompagnement de carri\u00e8re peut demander des s\u00e9ances de travail plus longue allant jusque 1H30. Le rythme est g\u00e9n\u00e9ralement d\u2019une s\u00e9ance par mois voire tous les deux mois en fonction de l&#8217;\u00e9volution de notre travail, Il sera discut\u00e9 ensemble tout au long du chemin.<\/p>\n\n\n\n<p><\/p>\n\n\n\n<p><\/p>\n\n\n\n<figure class=\"wp-block-image size-large is-resized wp-duotone-unset-1\"><img loading=\"lazy\" decoding=\"async\" width=\"636\" height=\"1024\" src=\"https:\/\/murielcharlot.be\/wp-content\/uploads\/2026\/01\/photo-mu-3-1-636x1024.jpg\" alt=\"\" class=\"wp-image-85\" style=\"width:256px;height:auto\" srcset=\"https:\/\/murielcharlot.be\/wp-content\/uploads\/2026\/01\/photo-mu-3-1-636x1024.jpg 636w, https:\/\/murielcharlot.be\/wp-content\/uploads\/2026\/01\/photo-mu-3-1-186x300.jpg 186w, https:\/\/murielcharlot.be\/wp-content\/uploads\/2026\/01\/photo-mu-3-1-768x1237.jpg 768w, https:\/\/murielcharlot.be\/wp-content\/uploads\/2026\/01\/photo-mu-3-1-954x1536.jpg 954w, https:\/\/murielcharlot.be\/wp-content\/uploads\/2026\/01\/photo-mu-3-1.jpg 1272w\" sizes=\"auto, (max-width: 636px) 100vw, 636px\" \/><\/figure>\n\n\n\n<p><\/p>\n","protected":false},"excerpt":{"rendered":"<p>Mon parcours Psychologue clinicienne sp\u00e9cialis\u00e9e en syst\u00e9mique a l&#8217;origine, j&#8217;ai \u00e9volu\u00e9 pendant 20 ans en parral\u00e8le dans des fonctions li\u00e9es au ressources humaines. J&#8217;ai compl\u00e9t\u00e9 mon approche en d\u00e9veloppant le coaching individuel dans le cadre professionnel et de plus en plus dans des situation de burn- out professionnel et\/ ou parental. Mon approche Ma formation &hellip; <\/p>\n<p class=\"link-more\"><a href=\"https:\/\/murielcharlot.be\/index.php\/information-pratique\/\" class=\"more-link\">Continue reading<span class=\"screen-reader-text\"> &#8220;A Propos&#8221;<\/span><\/a><\/p>\n","protected":false},"author":1,"featured_media":0,"parent":0,"menu_order":0,"comment_status":"closed","ping_status":"closed","template":"","meta":{"footnotes":""},"class_list":["post-16","page","type-page","status-publish","hentry"],"_links":{"self":[{"href":"https:\/\/murielcharlot.be\/index.php\/wp-json\/wp\/v2\/pages\/16","targetHints":{"allow":["GET"]}}],"collection":[{"href":"https:\/\/murielcharlot.be\/index.php\/wp-json\/wp\/v2\/pages"}],"about":[{"href":"https:\/\/murielcharlot.be\/index.php\/wp-json\/wp\/v2\/types\/page"}],"author":[{"embeddable":true,"href":"https:\/\/murielcharlot.be\/index.php\/wp-json\/wp\/v2\/users\/1"}],"replies":[{"embeddable":true,"href":"https:\/\/murielcharlot.be\/index.php\/wp-json\/wp\/v2\/comments?post=16"}],"version-history":[{"count":10,"href":"https:\/\/murielcharlot.be\/index.php\/wp-json\/wp\/v2\/pages\/16\/revisions"}],"predecessor-version":[{"id":86,"href":"https:\/\/murielcharlot.be\/index.php\/wp-json\/wp\/v2\/pages\/16\/revisions\/86"}],"wp:attachment":[{"href":"https:\/\/murielcharlot.be\/index.php\/wp-json\/wp\/v2\/media?parent=16"}],"curies":[{"name":"wp","href":"https:\/\/api.w.org\/{rel}","templated":true}]}}