{"id":14,"date":"2025-11-09T14:07:07","date_gmt":"2025-11-09T14:07:07","guid":{"rendered":"https:\/\/murielcharlot.be\/?page_id=14"},"modified":"2026-01-09T15:03:58","modified_gmt":"2026-01-09T15:03:58","slug":"muriel-charlot-psychologe-clinicienne","status":"publish","type":"page","link":"https:\/\/murielcharlot.be\/index.php\/muriel-charlot-psychologe-clinicienne\/","title":{"rendered":"Un temps pour soi"},"content":{"rendered":"\n<h4 class=\"wp-block-heading\">Accompagnement psychologique<\/h4>\n\n\n\n<p>Certaines p\u00e9riodes de vie viennent fragiliser l\u2019\u00e9quilibre int\u00e9rieur et donnent le sentiment de ne plus avancer, voire de subir. Stress chronique, \u00e9puisement professionnel, burn-out, anxi\u00e9t\u00e9, perte de rep\u00e8res ou difficult\u00e9s relationnelles peuvent rendre difficile la prise de recul et l\u2019acc\u00e8s \u00e0 ses propres ressources.<\/p>\n\n\n\n<p>L\u2019accompagnement psychologique offre un espace d\u2019\u00e9coute et de parole o\u00f9 ce qui est v\u00e9cu peut \u00eatre d\u00e9pos\u00e9 en toute s\u00e9curit\u00e9, sans jugement. En tant que psychologue, je vous accompagne pour mieux comprendre ce qui se joue, mettre du sens sur vos ressentis et vos exp\u00e9riences, et renouer progressivement avec votre capacit\u00e9 \u00e0 faire des choix plus ajust\u00e9s.<\/p>\n\n\n\n<p>Ce travail, men\u00e9 \u00e0 votre rythme, vise \u00e0 vous permettre de retrouver une position active dans votre vie, en r\u00e9tablissant un lien plus conscient \u00e0 vous-m\u00eame, \u00e0 vos besoins et \u00e0 vos limites.<\/p>\n\n\n\n<hr class=\"wp-block-separator has-alpha-channel-opacity\"\/>\n\n\n\n<h4 class=\"wp-block-heading\">Coaching de carri\u00e8re<\/h4>\n\n\n\n<p>Le parcours professionnel peut \u00eatre source d\u2019\u00e9panouissement, mais aussi de doutes, de blocages ou de perte de sens. Questionnements sur l\u2019orientation, transitions professionnelles, prise de poste, difficult\u00e9s au travail ou besoin de r\u00e9ajuster sa trajectoire peuvent n\u00e9cessiter un accompagnement sp\u00e9cifique.<\/p>\n\n\n\n<p>Le coaching de carri\u00e8re s\u2019adresse aux personnes qui souhaitent clarifier leurs objectifs, identifier leurs comp\u00e9tences et leurs ressources, et redevenir actrices de leur parcours professionnel. Dans une d\u00e9marche structur\u00e9e et orient\u00e9e vers l\u2019action, nous travaillons ensemble \u00e0 d\u00e9finir un projet professionnel align\u00e9 avec vos valeurs, vos aspirations et votre r\u00e9alit\u00e9.<\/p>\n\n\n\n<p>Cet accompagnement vise \u00e0 renforcer votre capacit\u00e9 \u00e0 d\u00e9cider, \u00e0 agir et \u00e0 construire des choix professionnels porteurs de sens et de coh\u00e9rence.<\/p>\n","protected":false},"excerpt":{"rendered":"<p>Accompagnement psychologique Certaines p\u00e9riodes de vie viennent fragiliser l\u2019\u00e9quilibre int\u00e9rieur et donnent le sentiment de ne plus avancer, voire de subir. Stress chronique, \u00e9puisement professionnel, burn-out, anxi\u00e9t\u00e9, perte de rep\u00e8res ou difficult\u00e9s relationnelles peuvent rendre difficile la prise de recul et l\u2019acc\u00e8s \u00e0 ses propres ressources. L\u2019accompagnement psychologique offre un espace d\u2019\u00e9coute et de parole &hellip; <\/p>\n<p class=\"link-more\"><a href=\"https:\/\/murielcharlot.be\/index.php\/muriel-charlot-psychologe-clinicienne\/\" class=\"more-link\">Continue reading<span class=\"screen-reader-text\"> &#8220;Un temps pour soi&#8221;<\/span><\/a><\/p>\n","protected":false},"author":1,"featured_media":0,"parent":0,"menu_order":0,"comment_status":"closed","ping_status":"closed","template":"","meta":{"footnotes":""},"class_list":["post-14","page","type-page","status-publish","hentry"],"_links":{"self":[{"href":"https:\/\/murielcharlot.be\/index.php\/wp-json\/wp\/v2\/pages\/14","targetHints":{"allow":["GET"]}}],"collection":[{"href":"https:\/\/murielcharlot.be\/index.php\/wp-json\/wp\/v2\/pages"}],"about":[{"href":"https:\/\/murielcharlot.be\/index.php\/wp-json\/wp\/v2\/types\/page"}],"author":[{"embeddable":true,"href":"https:\/\/murielcharlot.be\/index.php\/wp-json\/wp\/v2\/users\/1"}],"replies":[{"embeddable":true,"href":"https:\/\/murielcharlot.be\/index.php\/wp-json\/wp\/v2\/comments?post=14"}],"version-history":[{"count":6,"href":"https:\/\/murielcharlot.be\/index.php\/wp-json\/wp\/v2\/pages\/14\/revisions"}],"predecessor-version":[{"id":89,"href":"https:\/\/murielcharlot.be\/index.php\/wp-json\/wp\/v2\/pages\/14\/revisions\/89"}],"wp:attachment":[{"href":"https:\/\/murielcharlot.be\/index.php\/wp-json\/wp\/v2\/media?parent=14"}],"curies":[{"name":"wp","href":"https:\/\/api.w.org\/{rel}","templated":true}]}}