{"id":12,"date":"2025-11-09T14:01:46","date_gmt":"2025-11-09T14:01:46","guid":{"rendered":"https:\/\/murielcharlot.be\/?page_id=12"},"modified":"2026-01-09T14:49:35","modified_gmt":"2026-01-09T14:49:35","slug":"acceuil","status":"publish","type":"page","link":"https:\/\/murielcharlot.be\/","title":{"rendered":"Accueil"},"content":{"rendered":"\n<figure class=\"wp-block-image size-large is-resized\"><img loading=\"lazy\" decoding=\"async\" width=\"683\" height=\"1024\" src=\"https:\/\/murielcharlot.be\/wp-content\/uploads\/2026\/01\/image-plante-en-croissance-683x1024.png\" alt=\"\" class=\"wp-image-79\" style=\"width:336px;height:auto\" srcset=\"https:\/\/murielcharlot.be\/wp-content\/uploads\/2026\/01\/image-plante-en-croissance-683x1024.png 683w, https:\/\/murielcharlot.be\/wp-content\/uploads\/2026\/01\/image-plante-en-croissance-200x300.png 200w, https:\/\/murielcharlot.be\/wp-content\/uploads\/2026\/01\/image-plante-en-croissance-768x1152.png 768w, https:\/\/murielcharlot.be\/wp-content\/uploads\/2026\/01\/image-plante-en-croissance.png 1024w\" sizes=\"auto, (max-width: 683px) 100vw, 683px\" \/><\/figure>\n\n\n\n<p><strong>Bienvenue<\/strong><\/p>\n\n\n\n<p>Parfois, un temps d\u2019arr\u00eat, un pas de c\u00f4t\u00e9, est n\u00e9cessaire pour retrouver de la clart\u00e9, du sens et de l\u2019\u00e9lan. Que ce soit dans la sph\u00e8re personnelle ou professionnelle, il arrive que l\u2019\u00e9quilibre vacille, que la pression s\u2019intensifie ou que les rep\u00e8res se brouillent.<\/p>\n\n\n\n<p>Mon accompagnement s\u2019adresse aux personnes et aux \u00e9quipes qui ressentent le besoin de comprendre ce qui se joue, de sortir de l\u2019\u00e9puisement, de repenser leur trajectoire ou leur mani\u00e8re de travailler ensemble. En tant que psychologue et coach de carri\u00e8re, je propose un espace d\u2019\u00e9coute et de r\u00e9flexion o\u00f9 la parole peut se d\u00e9poser librement, sans jugement, et o\u00f9 chaque situation est accueillie dans sa singularit\u00e9.<\/p>\n\n\n\n<p>Qu\u2019il s\u2019agisse de pr\u00e9venir ou de traverser un burn-out, de redonner du sens \u00e0 un parcours professionnel, ou d\u2019accompagner les dynamiques humaines au sein des organisations, le travail se construit ensemble, \u00e0 votre rythme. Un accompagnement attentif, engag\u00e9 et respectueux, au service du mieux-\u00eatre individuel et collectif.<\/p>\n\n\n\n<p>MES SERVICES<\/p>\n\n\n\n<p>Un temps pour soi &#8211; Accompagnement individuel<\/p>\n\n\n\n<p>L\u2019accompagnement individuel s\u2019adresse aux personnes qui traversent une p\u00e9riode de doute, d\u2019\u00e9puisement ou de perte de sens, personnelle ou professionnelle.<br>Il offre un espace s\u00e9curis\u00e9 pour prendre du recul, mieux comprendre ses fonctionnements et mobiliser ses ressources.<br>L\u2019objectif est de redevenir acteur de sa propre vie, en construisant \u00e0 son rythme des choix plus align\u00e9s et porteurs de sens.<\/p>\n\n\n\n<p>Un temps pour l&#8217;\u00e9quipe &#8211; Accompagnement en organisation<\/p>\n\n\n\n<p><\/p>\n","protected":false},"excerpt":{"rendered":"<p>Bienvenue Parfois, un temps d\u2019arr\u00eat, un pas de c\u00f4t\u00e9, est n\u00e9cessaire pour retrouver de la clart\u00e9, du sens et de l\u2019\u00e9lan. Que ce soit dans la sph\u00e8re personnelle ou professionnelle, il arrive que l\u2019\u00e9quilibre vacille, que la pression s\u2019intensifie ou que les rep\u00e8res se brouillent. Mon accompagnement s\u2019adresse aux personnes et aux \u00e9quipes qui ressentent &hellip; <\/p>\n<p class=\"link-more\"><a href=\"https:\/\/murielcharlot.be\/\" class=\"more-link\">Continue reading<span class=\"screen-reader-text\"> &#8220;Accueil&#8221;<\/span><\/a><\/p>\n","protected":false},"author":1,"featured_media":0,"parent":0,"menu_order":0,"comment_status":"closed","ping_status":"closed","template":"","meta":{"footnotes":""},"class_list":["post-12","page","type-page","status-publish","hentry"],"_links":{"self":[{"href":"https:\/\/murielcharlot.be\/index.php\/wp-json\/wp\/v2\/pages\/12","targetHints":{"allow":["GET"]}}],"collection":[{"href":"https:\/\/murielcharlot.be\/index.php\/wp-json\/wp\/v2\/pages"}],"about":[{"href":"https:\/\/murielcharlot.be\/index.php\/wp-json\/wp\/v2\/types\/page"}],"author":[{"embeddable":true,"href":"https:\/\/murielcharlot.be\/index.php\/wp-json\/wp\/v2\/users\/1"}],"replies":[{"embeddable":true,"href":"https:\/\/murielcharlot.be\/index.php\/wp-json\/wp\/v2\/comments?post=12"}],"version-history":[{"count":9,"href":"https:\/\/murielcharlot.be\/index.php\/wp-json\/wp\/v2\/pages\/12\/revisions"}],"predecessor-version":[{"id":81,"href":"https:\/\/murielcharlot.be\/index.php\/wp-json\/wp\/v2\/pages\/12\/revisions\/81"}],"wp:attachment":[{"href":"https:\/\/murielcharlot.be\/index.php\/wp-json\/wp\/v2\/media?parent=12"}],"curies":[{"name":"wp","href":"https:\/\/api.w.org\/{rel}","templated":true}]}}