{"id":10,"date":"2025-11-09T14:07:11","date_gmt":"2025-11-09T14:07:11","guid":{"rendered":"https:\/\/murielcharlot.be\/?page_id=10"},"modified":"2026-01-09T15:03:15","modified_gmt":"2026-01-09T15:03:15","slug":"muriel-charlot-psychologue-du-travail","status":"publish","type":"page","link":"https:\/\/murielcharlot.be\/index.php\/muriel-charlot-psychologue-du-travail\/","title":{"rendered":"Un Temps pour l&#8217;\u00e9quipe"},"content":{"rendered":"\n<p>Accompagnement en entreprise<\/p>\n\n\n\n<p>Dans votre cadre professionnel je peux vous offrir mes services pour : <\/p>\n\n\n\n<p> travailler sur la dynamique de collaboration de vos \u00e9quipes<\/p>\n\n\n\n<p>Elaborer des strat\u00e9gie de recrutement et les ex\u00e9cuter<\/p>\n\n\n\n<p>d\u00e9velopper vos equipes<\/p>\n\n\n\n<p><\/p>\n\n\n\n<p><\/p>\n","protected":false},"excerpt":{"rendered":"<p>Accompagnement en entreprise Dans votre cadre professionnel je peux vous offrir mes services pour : travailler sur la dynamique de collaboration de vos \u00e9quipes Elaborer des strat\u00e9gie de recrutement et les ex\u00e9cuter d\u00e9velopper vos equipes<\/p>\n","protected":false},"author":1,"featured_media":0,"parent":0,"menu_order":0,"comment_status":"closed","ping_status":"closed","template":"","meta":{"footnotes":""},"class_list":["post-10","page","type-page","status-publish","hentry"],"_links":{"self":[{"href":"https:\/\/murielcharlot.be\/index.php\/wp-json\/wp\/v2\/pages\/10","targetHints":{"allow":["GET"]}}],"collection":[{"href":"https:\/\/murielcharlot.be\/index.php\/wp-json\/wp\/v2\/pages"}],"about":[{"href":"https:\/\/murielcharlot.be\/index.php\/wp-json\/wp\/v2\/types\/page"}],"author":[{"embeddable":true,"href":"https:\/\/murielcharlot.be\/index.php\/wp-json\/wp\/v2\/users\/1"}],"replies":[{"embeddable":true,"href":"https:\/\/murielcharlot.be\/index.php\/wp-json\/wp\/v2\/comments?post=10"}],"version-history":[{"count":7,"href":"https:\/\/murielcharlot.be\/index.php\/wp-json\/wp\/v2\/pages\/10\/revisions"}],"predecessor-version":[{"id":88,"href":"https:\/\/murielcharlot.be\/index.php\/wp-json\/wp\/v2\/pages\/10\/revisions\/88"}],"wp:attachment":[{"href":"https:\/\/murielcharlot.be\/index.php\/wp-json\/wp\/v2\/media?parent=10"}],"curies":[{"name":"wp","href":"https:\/\/api.w.org\/{rel}","templated":true}]}}